{"id":26,"date":"2020-01-15T10:15:23","date_gmt":"2020-01-15T09:15:23","guid":{"rendered":"https:\/\/allgrafics.de\/kunden\/denkmal\/agrob\/?page_id=26"},"modified":"2023-06-23T15:03:00","modified_gmt":"2023-06-23T13:03:00","slug":"galerie","status":"publish","type":"page","link":"https:\/\/www.museumsinzig.de\/stadtgeschichte\/","title":{"rendered":"Alle Galerien"},"content":{"rendered":"<p>[et_pb_section fb_built=&#8220;1&#8243; fullwidth=&#8220;on&#8220; _builder_version=&#8220;4.16&#8243; _module_preset=&#8220;default&#8220; global_colors_info=&#8220;{}&#8220;][et_pb_fullwidth_menu menu_id=&#8220;2&#8243; _builder_version=&#8220;4.13.0&#8243; _module_preset=&#8220;default&#8220; menu_font_size=&#8220;18px&#8220; global_module=&#8220;4387&#8243; saved_tabs=&#8220;all&#8220; global_colors_info=&#8220;{}&#8220;][\/et_pb_fullwidth_menu][\/et_pb_section][et_pb_section fb_built=&#8220;1&#8243; _builder_version=&#8220;4.16&#8243; background_enable_color=&#8220;off&#8220; width=&#8220;100%&#8220; global_colors_info=&#8220;{}&#8220;][et_pb_row _builder_version=&#8220;4.16&#8243; global_colors_info=&#8220;{}&#8220;][et_pb_column type=&#8220;4_4&#8243; _builder_version=&#8220;4.16&#8243; global_colors_info=&#8220;{}&#8220;][et_pb_text _builder_version=&#8220;4.16&#8243; global_colors_info=&#8220;{}&#8220;]<\/p>\n<h2>Hei\u00df gebrannt und unverw\u00fcstlich &#8211; 150 Jahre Fliesen aus Sinzig<\/h2>\n<p>Klicken Sie einfach auf ein Foto um die entsprechende Galerie zu \u00f6ffnen<\/p>\n<p>[\/et_pb_text][et_pb_blog fullwidth=&#8220;off&#8220; post_type=&#8220;page&#8220; posts_number=&#8220;8&#8243; use_manual_excerpt=&#8220;off&#8220; excerpt_length=&#8220;50&#8243; show_author=&#8220;off&#8220; show_date=&#8220;off&#8220; show_categories=&#8220;off&#8220; show_pagination=&#8220;off&#8220; offset_number=&#8220;1&#8243; module_class=&#8220;cu-blog&#8220; _builder_version=&#8220;4.21.0&#8243; hover_enabled=&#8220;0&#8243; global_colors_info=&#8220;{}&#8220; show_excerpt=&#8220;off&#8220; sticky_enabled=&#8220;0&#8243;][\/et_pb_blog][et_pb_divider _builder_version=&#8220;4.16&#8243; _module_preset=&#8220;default&#8220; global_colors_info=&#8220;{}&#8220;][\/et_pb_divider][\/et_pb_column][\/et_pb_row][\/et_pb_section]<\/p>\n","protected":false},"excerpt":{"rendered":"<p>Hei\u00df gebrannt und unverw\u00fcstlich &#8211; 150 Jahre Fliesen aus Sinzig Klicken Sie einfach auf ein Foto um die entsprechende Galerie zu \u00f6ffnen<\/p>\n","protected":false},"author":1,"featured_media":0,"parent":0,"menu_order":0,"comment_status":"closed","ping_status":"closed","template":"","meta":{"_et_pb_use_builder":"on","_et_pb_old_content":"","_et_gb_content_width":""},"_links":{"self":[{"href":"https:\/\/www.museumsinzig.de\/stadtgeschichte\/wp-json\/wp\/v2\/pages\/26"}],"collection":[{"href":"https:\/\/www.museumsinzig.de\/stadtgeschichte\/wp-json\/wp\/v2\/pages"}],"about":[{"href":"https:\/\/www.museumsinzig.de\/stadtgeschichte\/wp-json\/wp\/v2\/types\/page"}],"author":[{"embeddable":true,"href":"https:\/\/www.museumsinzig.de\/stadtgeschichte\/wp-json\/wp\/v2\/users\/1"}],"replies":[{"embeddable":true,"href":"https:\/\/www.museumsinzig.de\/stadtgeschichte\/wp-json\/wp\/v2\/comments?post=26"}],"version-history":[{"count":76,"href":"https:\/\/www.museumsinzig.de\/stadtgeschichte\/wp-json\/wp\/v2\/pages\/26\/revisions"}],"predecessor-version":[{"id":4806,"href":"https:\/\/www.museumsinzig.de\/stadtgeschichte\/wp-json\/wp\/v2\/pages\/26\/revisions\/4806"}],"wp:attachment":[{"href":"https:\/\/www.museumsinzig.de\/stadtgeschichte\/wp-json\/wp\/v2\/media?parent=26"}],"curies":[{"name":"wp","href":"https:\/\/api.w.org\/{rel}","templated":true}]}}